{"id":1232,"date":"2023-01-30T12:36:47","date_gmt":"2023-01-30T11:36:47","guid":{"rendered":"https:\/\/sspower.sk\/produkt\/hho-generator-hornet-17000\/"},"modified":"2025-02-12T11:58:22","modified_gmt":"2025-02-12T10:58:22","slug":"hho-generator-hornet-17000","status":"publish","type":"product","link":"https:\/\/sspower.sk\/en\/produkt\/hho-generator-hornet-17000\/","title":{"rendered":"HHO generator Hornet 17000"},"content":{"rendered":"<p>17 plates HHO generator Hornet 17000 is designed for all types of internal combustion engines for diesel, petrol or LPG, <strong>with the engine capacity from 2500 up to 3500 cc<\/strong>. It is made from the finest materials, the electrodes are made of 1,5 mm thick laser-firing stainless steel (type 316L) and gaskets from high heat resistant special EPDM rubber.<\/p>\n<p><strong>Technical specifications:<\/strong><\/p>\n<p>&#8211; Generator type: dry cell<\/p>\n<p>&#8211; Standard dimensions: 120 x 120 x 120 mm<\/p>\n<p>&#8211; Weight: 2,7 Kg<\/p>\n<p>&#8211; Number of electrodes: 17<\/p>\n<p>&#8211; Total effective area for gas production: 2690 cm2<\/p>\n<p><strong>Electrical and power specifications:<\/strong><\/p>\n<p>&#8211; Input voltage: 12 V<\/p>\n<p>&#8211; Electrodes sequence: + NNN &#8211; NNN + NNN &#8211; NNN + ( N is neutral electrode)<\/p>\n<p>&#8211; Optimal operating current: 15 &#8211; 25 A<\/p>\n<p>&#8211; Hydrogen production: 3,0 L per minute (25 A)<\/p>\n<p>&#8211; Maximal power: 360 W<\/p>\n<p><span style=\"color: #ff0000;\">Price match: We guarantee, if you find anywhere on the market similar comparable product with lower price, please contact us, we will make suitable price for your satisfaction.<\/span><\/p>\n","protected":false},"excerpt":{"rendered":"<h4>Cubic capacity from 2500 up to 3500 cc<\/h4>\n<p>17 plates HHO generator Hornet 17000 is designed for all types of internal combustion engines for diesel, petrol or LPG, with <strong>the engine capacity from 2500 up to 3500 cc<\/strong>. It is made from the finest materials, the electrodes are made of 1,5 mm thick laser-firing stainless steel (type 316L) and gaskets from high heat resistant special EPDM rubber.<\/p>\n<p>&nbsp;<\/p>\n<p><span style=\"color: #ff0000;\">Garantujeme V\u00e1m, \u017ee ak n\u00e1jdete na trhu u konkurencie ak\u00fdko\u013evek porovnate\u013en\u00fd v\u00fdrobok s ni\u017e\u0161ou cenou, kontaktujte n\u00e1s pros\u00edm a na\u0161e podmienky a cenu pre V\u00e1s sprav\u00edme e\u0161te v\u00fdhodnej\u0161iu.<\/span><\/p>\n","protected":false},"featured_media":832,"template":"","meta":[],"product_cat":[142],"product_tag":[],"acf":[],"_links":{"self":[{"href":"https:\/\/sspower.sk\/en\/wp-json\/wp\/v2\/product\/1232"}],"collection":[{"href":"https:\/\/sspower.sk\/en\/wp-json\/wp\/v2\/product"}],"about":[{"href":"https:\/\/sspower.sk\/en\/wp-json\/wp\/v2\/types\/product"}],"wp:featuredmedia":[{"embeddable":true,"href":"https:\/\/sspower.sk\/en\/wp-json\/wp\/v2\/media\/832"}],"wp:attachment":[{"href":"https:\/\/sspower.sk\/en\/wp-json\/wp\/v2\/media?parent=1232"}],"wp:term":[{"taxonomy":"product_cat","embeddable":true,"href":"https:\/\/sspower.sk\/en\/wp-json\/wp\/v2\/product_cat?post=1232"},{"taxonomy":"product_tag","embeddable":true,"href":"https:\/\/sspower.sk\/en\/wp-json\/wp\/v2\/product_tag?post=1232"}],"curies":[{"name":"wp","href":"https:\/\/api.w.org\/{rel}","templated":true}]}}