{"id":1201,"date":"2023-01-31T11:54:13","date_gmt":"2023-01-31T10:54:13","guid":{"rendered":"https:\/\/sspower.sk\/produkt\/digitalny-regulator-napatia\/"},"modified":"2025-02-12T11:58:18","modified_gmt":"2025-02-12T10:58:18","slug":"digitalny-regulator-napatia","status":"publish","type":"product","link":"https:\/\/sspower.sk\/en\/produkt\/digitalny-regulator-napatia\/","title":{"rendered":"Digit\u00e1lny regul\u00e1tor nap\u00e4tia AJ"},"content":{"rendered":"","protected":false},"excerpt":{"rendered":"","protected":false},"featured_media":876,"template":"","meta":[],"product_cat":[125,138],"product_tag":[],"acf":[],"_links":{"self":[{"href":"https:\/\/sspower.sk\/en\/wp-json\/wp\/v2\/product\/1201"}],"collection":[{"href":"https:\/\/sspower.sk\/en\/wp-json\/wp\/v2\/product"}],"about":[{"href":"https:\/\/sspower.sk\/en\/wp-json\/wp\/v2\/types\/product"}],"wp:featuredmedia":[{"embeddable":true,"href":"https:\/\/sspower.sk\/en\/wp-json\/wp\/v2\/media\/876"}],"wp:attachment":[{"href":"https:\/\/sspower.sk\/en\/wp-json\/wp\/v2\/media?parent=1201"}],"wp:term":[{"taxonomy":"product_cat","embeddable":true,"href":"https:\/\/sspower.sk\/en\/wp-json\/wp\/v2\/product_cat?post=1201"},{"taxonomy":"product_tag","embeddable":true,"href":"https:\/\/sspower.sk\/en\/wp-json\/wp\/v2\/product_tag?post=1201"}],"curies":[{"name":"wp","href":"https:\/\/api.w.org\/{rel}","templated":true}]}}