{"id":1164,"date":"2023-01-31T15:35:42","date_gmt":"2023-01-31T14:35:42","guid":{"rendered":"https:\/\/sspower.sk\/produkt\/dvojity-system-kontroly-hladiny-deluxe\/"},"modified":"2025-02-12T11:58:14","modified_gmt":"2025-02-12T10:58:14","slug":"dvojity-system-kontroly-hladiny-deluxe","status":"publish","type":"product","link":"https:\/\/sspower.sk\/en\/produkt\/dvojity-system-kontroly-hladiny-deluxe\/","title":{"rendered":"Double level control system deluxe"},"content":{"rendered":"<h4>Dvojit\u00fd syst\u00e9m kontroly hladiny deluxe obsahuje:<\/h4>\n<ul>\n<li>2x Hladinomer<\/li>\n<li>1x Rel\u00e9 sp\u00edna\u010d &#8211; 30A\/12V<\/li>\n<li>1x riadiaca krabi\u010dka s dvoma sveteln\u00fdmi indik\u00e1tormi,<\/li>\n<li>kabel\u00e1\u017e na elektrick\u00e9 prepojenie, k\u00e1blov\u00e9 konektory a sch\u00e9mu na zapojenie cel\u00e9ho syst\u00e9mu.<\/li>\n<\/ul>\n<h4><\/h4>\n<h4>Mo\u017enosti zapojenia dvojit\u00e9ho syst\u00e9mu kontroly hladiny deluxe:<\/h4>\n<p>Tento syst\u00e9m, v pr\u00edpade, \u017ee k nemu nie je zaraden\u00fd syst\u00e9m automatick\u00e9ho dop\u013a\u0148ania hladiny, je mo\u017en\u00e9 nakonfigurova\u0165 na signalizovanie n\u00edzkej hladiny elektrolytu v n\u00e1dr\u017eke tak, \u017ee sa prv\u00fd sveteln\u00fd indik\u00e1tor po dosiahnut\u00ed n\u00edzkej hladiny elektrolytu rozsvieti len informa\u010dne, no cel\u00fd HHO syst\u00e9m be\u017e\u00ed \u010falej. Ke\u010f v\u0161ak hladina elektrolytu v n\u00e1dr\u017eke dosiahne kritick\u00fa \u00farove\u0148, rozsvieti sa aj druh\u00fd sveteln\u00fd indik\u00e1tor a cel\u00fd HHO syst\u00e9m sa automaticky vypne.<\/p>\n<p>Aby cel\u00fd syst\u00e9m fungoval \u010do najoptim\u00e1lnej\u0161ie, doporu\u010dujeme umiestni\u0165 horn\u00fd hladinomer v n\u00e1dr\u017eke len mierne vy\u0161\u0161ie ako spodn\u00fd hladinomer, ktor\u00fd je umiestnen\u00fd \u010do mo\u017eno najni\u017e\u0161ie. Je to to z d\u00f4vodu, aby nebol HHO syst\u00e9m zbyto\u010dne automaticky odp\u00e1jan\u00fd u\u017e pri miernom poklese hladiny elektrolytu v n\u00e1dr\u017eke, av\u0161ak predo\u0161l\u00e1 sveteln\u00e1 signaliz\u00e1cia klesaj\u00facej hladiny neupozor\u0148ovala na tento stav u\u017e pr\u00edli\u0161 skoro.<\/p>\n<p><strong>Zapojenie:<\/strong><\/p>\n<p>&nbsp;<\/p>\n<p><strong>The deluxe dual level control system includes:<\/strong><\/p>\n<ul>\n<li>2x Level Gauge<\/li>\n<li>1x Relay switch &#8211; 30A\/12V<\/li>\n<li>1x control box with two light indicators,<\/li>\n<li>wiring harness for electrical connection, cable connectors and wiring diagram for the entire system.<\/li>\n<\/ul>\n<p><strong>Wiring options for the deluxe dual level control system:<\/strong><\/p>\n<p>This system, in case an automatic level top-up system is not included, can be configured to indicate a low electrolyte level in the tank so that the first light indicator illuminates for information only when the electrolyte level is low, but the entire HHO system continues to run. However, when the electrolyte level in the tank reaches a critical level, the second light indicator also illuminates and the entire HHO system automatically shuts down.<\/p>\n<p>In order to make the whole system work as optimally as possible, it is recommended to place the upper level gauge in the tank only slightly higher than the lower level gauge, which is placed as low as possible. This is so that the HHO system is not unnecessarily automatically disconnected when the electrolyte level in the tank has already dropped slightly, but the previous light signaling of the dropping level did not warn of this condition too soon.<\/p>\n<p><strong>Wiring:<\/strong><\/p>\n<p>&nbsp;<\/p>\n<p><img loading=\"lazy\" decoding=\"async\" class=\"alignnone wp-image-1695 size-full\" src=\"https:\/\/sspower.sk\/wp-content\/uploads\/2024\/01\/HHO-wiring-schceme-electrolyte.jpg\" alt=\"\" width=\"800\" height=\"500\" srcset=\"https:\/\/sspower.sk\/wp-content\/uploads\/2024\/01\/HHO-wiring-schceme-electrolyte.jpg 800w, https:\/\/sspower.sk\/wp-content\/uploads\/2024\/01\/HHO-wiring-schceme-electrolyte-300x188.jpg 300w, https:\/\/sspower.sk\/wp-content\/uploads\/2024\/01\/HHO-wiring-schceme-electrolyte-768x480.jpg 768w, https:\/\/sspower.sk\/wp-content\/uploads\/2024\/01\/HHO-wiring-schceme-electrolyte-600x375.jpg 600w, https:\/\/sspower.sk\/wp-content\/uploads\/2024\/01\/HHO-wiring-schceme-electrolyte-64x40.jpg 64w\" sizes=\"(max-width: 800px) 100vw, 800px\" \/><\/p>\n","protected":false},"excerpt":{"rendered":"<p>A system designed to double check the level of the electrolyte in the reservoir. Both light indicators are already located in the control box. The first indicator light will warn of an approaching critically low electrolyte level. The second light indication, when this critical level in the electrolyte tank is exceeded, will cause the lower level gauge connected through the control box to send an electrical pulse to stop gas production by the HHO generator.<\/p>\n","protected":false},"featured_media":912,"template":"","meta":[],"product_cat":[125,126],"product_tag":[],"acf":[],"_links":{"self":[{"href":"https:\/\/sspower.sk\/en\/wp-json\/wp\/v2\/product\/1164"}],"collection":[{"href":"https:\/\/sspower.sk\/en\/wp-json\/wp\/v2\/product"}],"about":[{"href":"https:\/\/sspower.sk\/en\/wp-json\/wp\/v2\/types\/product"}],"wp:featuredmedia":[{"embeddable":true,"href":"https:\/\/sspower.sk\/en\/wp-json\/wp\/v2\/media\/912"}],"wp:attachment":[{"href":"https:\/\/sspower.sk\/en\/wp-json\/wp\/v2\/media?parent=1164"}],"wp:term":[{"taxonomy":"product_cat","embeddable":true,"href":"https:\/\/sspower.sk\/en\/wp-json\/wp\/v2\/product_cat?post=1164"},{"taxonomy":"product_tag","embeddable":true,"href":"https:\/\/sspower.sk\/en\/wp-json\/wp\/v2\/product_tag?post=1164"}],"curies":[{"name":"wp","href":"https:\/\/api.w.org\/{rel}","templated":true}]}}