{"id":1155,"date":"2023-01-31T16:03:45","date_gmt":"2023-01-31T15:03:45","guid":{"rendered":"https:\/\/sspower.sk\/produkt\/sspower-koh-granulat\/"},"modified":"2025-02-12T11:58:13","modified_gmt":"2025-02-12T10:58:13","slug":"sspower-koh-granulat","status":"publish","type":"product","link":"https:\/\/sspower.sk\/en\/produkt\/sspower-koh-granulat\/","title":{"rendered":"SSpower KOH granules"},"content":{"rendered":"<p>SSpower KOH granules is used as electrolyte after dilution with destilled water, so it is necessary catalyst for HHO gas production in generator. Approx. 15 &#8211; 20 grams of granules is enough for 1L dilution, which is for distance about 5000 km.<\/p>\n<p>Electrolyt could be in principle any kind of hydroxide, but based on our long-term skills and testing, the most effective is KOH (potassium hydroxide)<\/p>\n<p>For maximum efficiency of our HHO generators, use only dilution made from SSpower KOH granules. It ensures the best performance, lowest resistance, which means minimum warming!<br \/>\nSSpower KOH granules contains 84,5% of potassium hydroxide and next additives for correct work of all HHO generators based on the principle of electrolyze.<\/p>\n<p><strong>We offer different weights:<\/strong><\/p>\n<p>250g SSpower KOH granules<\/p>\n<p>500g SSpower KOH granules<\/p>\n<p>1000g SSpower KOH granules<\/p>\n<p>&nbsp;<\/p>\n","protected":false},"excerpt":{"rendered":"<p>SSpower KOH granules is used as electrolyte after dilution with destilled water, so it is necessary catalyst for HHO gas production in generator.<\/p>\n<p><strong><span style=\"color: #ff0000;\">Vysoko z\u00e1sadit\u00fd roztok! Nebezpe\u010dn\u00e1 chemick\u00e1 l\u00e1tka! \u010c\u00edtajte bezpe\u010dnostn\u00e9 upozornenia!<\/span><\/strong><\/p>\n","protected":false},"featured_media":913,"template":"","meta":[],"product_cat":[113,127],"product_tag":[],"acf":[],"_links":{"self":[{"href":"https:\/\/sspower.sk\/en\/wp-json\/wp\/v2\/product\/1155"}],"collection":[{"href":"https:\/\/sspower.sk\/en\/wp-json\/wp\/v2\/product"}],"about":[{"href":"https:\/\/sspower.sk\/en\/wp-json\/wp\/v2\/types\/product"}],"wp:featuredmedia":[{"embeddable":true,"href":"https:\/\/sspower.sk\/en\/wp-json\/wp\/v2\/media\/913"}],"wp:attachment":[{"href":"https:\/\/sspower.sk\/en\/wp-json\/wp\/v2\/media?parent=1155"}],"wp:term":[{"taxonomy":"product_cat","embeddable":true,"href":"https:\/\/sspower.sk\/en\/wp-json\/wp\/v2\/product_cat?post=1155"},{"taxonomy":"product_tag","embeddable":true,"href":"https:\/\/sspower.sk\/en\/wp-json\/wp\/v2\/product_tag?post=1155"}],"curies":[{"name":"wp","href":"https:\/\/api.w.org\/{rel}","templated":true}]}}