{"id":1130,"date":"2023-02-01T14:10:16","date_gmt":"2023-02-01T13:10:16","guid":{"rendered":"https:\/\/sspower.sk\/produkt\/napajacia-vyhybka-k-digitalnemu-ampermetru-200a\/"},"modified":"2025-02-12T11:58:10","modified_gmt":"2025-02-12T10:58:10","slug":"napajacia-vyhybka-k-digitalnemu-ampermetru-200a","status":"publish","type":"product","link":"https:\/\/sspower.sk\/en\/produkt\/napajacia-vyhybka-k-digitalnemu-ampermetru-200a\/","title":{"rendered":"Shunt for digital ammeter &#8211; 200A"},"content":{"rendered":"","protected":false},"excerpt":{"rendered":"<p>Nap\u00e1jacia v\u00fdhybka ( bo\u010dn\u00edk ) k digit\u00e1lnemu amp\u00e9rmetru &#8211; 200A \/ 75mV.<\/p>\n","protected":false},"featured_media":936,"template":"","meta":[],"product_cat":[118,113],"product_tag":[],"acf":[],"_links":{"self":[{"href":"https:\/\/sspower.sk\/en\/wp-json\/wp\/v2\/product\/1130"}],"collection":[{"href":"https:\/\/sspower.sk\/en\/wp-json\/wp\/v2\/product"}],"about":[{"href":"https:\/\/sspower.sk\/en\/wp-json\/wp\/v2\/types\/product"}],"wp:featuredmedia":[{"embeddable":true,"href":"https:\/\/sspower.sk\/en\/wp-json\/wp\/v2\/media\/936"}],"wp:attachment":[{"href":"https:\/\/sspower.sk\/en\/wp-json\/wp\/v2\/media?parent=1130"}],"wp:term":[{"taxonomy":"product_cat","embeddable":true,"href":"https:\/\/sspower.sk\/en\/wp-json\/wp\/v2\/product_cat?post=1130"},{"taxonomy":"product_tag","embeddable":true,"href":"https:\/\/sspower.sk\/en\/wp-json\/wp\/v2\/product_tag?post=1130"}],"curies":[{"name":"wp","href":"https:\/\/api.w.org\/{rel}","templated":true}]}}