{"id":1129,"date":"2023-02-01T14:18:28","date_gmt":"2023-02-01T13:18:28","guid":{"rendered":"https:\/\/sspower.sk\/produkt\/termostat-model-01\/"},"modified":"2025-02-12T11:58:10","modified_gmt":"2025-02-12T10:58:10","slug":"termostat-model-01","status":"publish","type":"product","link":"https:\/\/sspower.sk\/en\/produkt\/termostat-model-01\/","title":{"rendered":"Termostat &#8211; model 01"},"content":{"rendered":"","protected":false},"excerpt":{"rendered":"<p>Nap\u00e1jacia v\u00fdhybka ( bo\u010dn\u00edk ) k digit\u00e1lnemu amp\u00e9rmetru &#8211; 200A \/ 75mV.<\/p>\n","protected":false},"featured_media":938,"template":"","meta":[],"product_cat":[118,113],"product_tag":[],"acf":[],"_links":{"self":[{"href":"https:\/\/sspower.sk\/en\/wp-json\/wp\/v2\/product\/1129"}],"collection":[{"href":"https:\/\/sspower.sk\/en\/wp-json\/wp\/v2\/product"}],"about":[{"href":"https:\/\/sspower.sk\/en\/wp-json\/wp\/v2\/types\/product"}],"wp:featuredmedia":[{"embeddable":true,"href":"https:\/\/sspower.sk\/en\/wp-json\/wp\/v2\/media\/938"}],"wp:attachment":[{"href":"https:\/\/sspower.sk\/en\/wp-json\/wp\/v2\/media?parent=1129"}],"wp:term":[{"taxonomy":"product_cat","embeddable":true,"href":"https:\/\/sspower.sk\/en\/wp-json\/wp\/v2\/product_cat?post=1129"},{"taxonomy":"product_tag","embeddable":true,"href":"https:\/\/sspower.sk\/en\/wp-json\/wp\/v2\/product_tag?post=1129"}],"curies":[{"name":"wp","href":"https:\/\/api.w.org\/{rel}","templated":true}]}}