{"id":1128,"date":"2023-02-01T14:22:02","date_gmt":"2023-02-01T13:22:02","guid":{"rendered":"https:\/\/sspower.sk\/produkt\/termostat-model-03\/"},"modified":"2025-02-12T11:58:10","modified_gmt":"2025-02-12T10:58:10","slug":"termostat-model-03","status":"publish","type":"product","link":"https:\/\/sspower.sk\/en\/produkt\/termostat-model-03\/","title":{"rendered":"Thermostat &#8211; model 03"},"content":{"rendered":"","protected":false},"excerpt":{"rendered":"<p>Nap\u00e1jacia v\u00fdhybka ( bo\u010dn\u00edk ) k digit\u00e1lnemu amp\u00e9rmetru &#8211; 200A \/ 75mV.<\/p>\n","protected":false},"featured_media":940,"template":"","meta":[],"product_cat":[118,113],"product_tag":[],"acf":[],"_links":{"self":[{"href":"https:\/\/sspower.sk\/en\/wp-json\/wp\/v2\/product\/1128"}],"collection":[{"href":"https:\/\/sspower.sk\/en\/wp-json\/wp\/v2\/product"}],"about":[{"href":"https:\/\/sspower.sk\/en\/wp-json\/wp\/v2\/types\/product"}],"wp:featuredmedia":[{"embeddable":true,"href":"https:\/\/sspower.sk\/en\/wp-json\/wp\/v2\/media\/940"}],"wp:attachment":[{"href":"https:\/\/sspower.sk\/en\/wp-json\/wp\/v2\/media?parent=1128"}],"wp:term":[{"taxonomy":"product_cat","embeddable":true,"href":"https:\/\/sspower.sk\/en\/wp-json\/wp\/v2\/product_cat?post=1128"},{"taxonomy":"product_tag","embeddable":true,"href":"https:\/\/sspower.sk\/en\/wp-json\/wp\/v2\/product_tag?post=1128"}],"curies":[{"name":"wp","href":"https:\/\/api.w.org\/{rel}","templated":true}]}}