{"id":1124,"date":"2023-02-01T14:28:50","date_gmt":"2023-02-01T13:28:50","guid":{"rendered":"https:\/\/sspower.sk\/produkt\/rele-spinac-s-paticou-30a-12v\/"},"modified":"2025-02-12T11:58:10","modified_gmt":"2025-02-12T10:58:10","slug":"rele-spinac-s-paticou-30a-12v","status":"publish","type":"product","link":"https:\/\/sspower.sk\/en\/produkt\/rele-spinac-s-paticou-30a-12v\/","title":{"rendered":"Relay switch with socket &#8211; 30A\/12V"},"content":{"rendered":"","protected":false},"excerpt":{"rendered":"<p>Automobilov\u00e9 sp\u00ednacie rel\u00e9 s p\u00e4ticou ur\u010den\u00e9 na sp\u00ednanie pr\u00fadu v elektrickom prepojen\u00ed HHO syst\u00e9mu v osobn\u00fdch automobiloch.<\/p>\n","protected":false},"featured_media":943,"template":"","meta":[],"product_cat":[113,117],"product_tag":[],"acf":[],"_links":{"self":[{"href":"https:\/\/sspower.sk\/en\/wp-json\/wp\/v2\/product\/1124"}],"collection":[{"href":"https:\/\/sspower.sk\/en\/wp-json\/wp\/v2\/product"}],"about":[{"href":"https:\/\/sspower.sk\/en\/wp-json\/wp\/v2\/types\/product"}],"wp:featuredmedia":[{"embeddable":true,"href":"https:\/\/sspower.sk\/en\/wp-json\/wp\/v2\/media\/943"}],"wp:attachment":[{"href":"https:\/\/sspower.sk\/en\/wp-json\/wp\/v2\/media?parent=1124"}],"wp:term":[{"taxonomy":"product_cat","embeddable":true,"href":"https:\/\/sspower.sk\/en\/wp-json\/wp\/v2\/product_cat?post=1124"},{"taxonomy":"product_tag","embeddable":true,"href":"https:\/\/sspower.sk\/en\/wp-json\/wp\/v2\/product_tag?post=1124"}],"curies":[{"name":"wp","href":"https:\/\/api.w.org\/{rel}","templated":true}]}}